{"id":207,"date":"2026-03-03T09:07:11","date_gmt":"2026-03-03T08:07:11","guid":{"rendered":"https:\/\/www.marcohelga.com\/?page_id=207"},"modified":"2026-03-03T09:23:48","modified_gmt":"2026-03-03T08:23:48","slug":"https-www-marcohelga-com-politica-de-privacidad","status":"publish","type":"page","link":"https:\/\/www.marcohelga.com\/?page_id=207","title":{"rendered":"POL\u00cdTICA DE PRIVACIDAD"},"content":{"rendered":"\n<h2 class=\"wp-block-heading\">Pol\u00edtica de Privacidad<\/h2>\n\n\n\n<p>En cumplimiento del Reglamento (UE) 2016\/679 (RGPD) y la Ley Org\u00e1nica 3\/2018 (LOPDGDD), se informa a los usuarios de lo siguiente:<\/p>\n\n\n\n<h3 class=\"wp-block-heading\">1. Responsable del tratamiento<\/h3>\n\n\n\n<ul class=\"wp-block-list\">\n<li>Responsable: Marco Helga Photography<\/li>\n\n\n\n<li>Email de contacto:\u00a0<a>info@marcohelga.com<\/a><\/li>\n\n\n\n<li>Actividad: Servicios de fotograf\u00eda de bodas y eventos<\/li>\n<\/ul>\n\n\n\n<hr class=\"wp-block-separator has-alpha-channel-opacity\"\/>\n\n\n\n<h3 class=\"wp-block-heading\">2. Finalidad del tratamiento<\/h3>\n\n\n\n<p>Los datos personales recogidos a trav\u00e9s de formularios de contacto, campa\u00f1as publicitarias o comunicaciones directas se utilizar\u00e1n exclusivamente para:<\/p>\n\n\n\n<ul class=\"wp-block-list\">\n<li>Gestionar solicitudes de informaci\u00f3n.<\/li>\n\n\n\n<li>Enviar disponibilidad y propuestas personalizadas.<\/li>\n\n\n\n<li>Gestionar la contrataci\u00f3n de servicios fotogr\u00e1ficos.<\/li>\n\n\n\n<li>Comunicaciones relacionadas con el servicio solicitado.<\/li>\n<\/ul>\n\n\n\n<p>No se utilizar\u00e1n los datos para fines distintos sin consentimiento previo.<\/p>\n\n\n\n<hr class=\"wp-block-separator has-alpha-channel-opacity\"\/>\n\n\n\n<h3 class=\"wp-block-heading\">3. Base legal<\/h3>\n\n\n\n<p>La base legal para el tratamiento de datos es el consentimiento del interesado al enviar voluntariamente sus datos a trav\u00e9s de los formularios de contacto o campa\u00f1as publicitarias.<\/p>\n\n\n\n<hr class=\"wp-block-separator has-alpha-channel-opacity\"\/>\n\n\n\n<h3 class=\"wp-block-heading\">4. Conservaci\u00f3n de datos<\/h3>\n\n\n\n<p>Los datos se conservar\u00e1n durante el tiempo necesario para gestionar la solicitud o relaci\u00f3n contractual, y posteriormente durante los plazos legalmente exigidos.<\/p>\n\n\n\n<hr class=\"wp-block-separator has-alpha-channel-opacity\"\/>\n\n\n\n<h3 class=\"wp-block-heading\">5. Destinatarios<\/h3>\n\n\n\n<p>No se ceder\u00e1n datos a terceros salvo obligaci\u00f3n legal o cuando sea necesario para la correcta prestaci\u00f3n del servicio (por ejemplo, proveedores tecnol\u00f3gicos).<\/p>\n\n\n\n<hr class=\"wp-block-separator has-alpha-channel-opacity\"\/>\n\n\n\n<h3 class=\"wp-block-heading\">6. Derechos del usuario<\/h3>\n\n\n\n<p>El usuario puede ejercer sus derechos de:<\/p>\n\n\n\n<ul class=\"wp-block-list\">\n<li>Acceso<\/li>\n\n\n\n<li>Rectificaci\u00f3n<\/li>\n\n\n\n<li>Supresi\u00f3n<\/li>\n\n\n\n<li>Limitaci\u00f3n<\/li>\n\n\n\n<li>Oposici\u00f3n<\/li>\n\n\n\n<li>Portabilidad<\/li>\n<\/ul>\n\n\n\n<p>Enviando una solicitud al correo electr\u00f3nico indicado anteriormente.<\/p>\n\n\n\n<hr class=\"wp-block-separator has-alpha-channel-opacity\"\/>\n\n\n\n<h3 class=\"wp-block-heading\">7. Seguridad de los datos<\/h3>\n\n\n\n<p>Se adoptan las medidas t\u00e9cnicas y organizativas necesarias para garantizar la seguridad y confidencialidad de los datos personales.<\/p>\n\n\n\n<p><\/p>\n","protected":false},"excerpt":{"rendered":"<p>Pol\u00edtica de Privacidad En cumplimiento del Reglamento (UE) 2016\/679 (RGPD) y la Ley Org\u00e1nica 3\/2018 (LOPDGDD), se informa a los usuarios de lo siguiente: 1. Responsable del tratamiento 2. Finalidad del tratamiento Los datos personales recogidos a trav\u00e9s de formularios de contacto, campa\u00f1as publicitarias o comunicaciones directas se utilizar\u00e1n exclusivamente para: No se utilizar\u00e1n los [&hellip;]<\/p>\n","protected":false},"author":1,"featured_media":0,"parent":0,"menu_order":0,"comment_status":"closed","ping_status":"closed","template":"","meta":{"footnotes":""},"class_list":["post-207","page","type-page","status-publish","hentry"],"_links":{"self":[{"href":"https:\/\/www.marcohelga.com\/index.php?rest_route=\/wp\/v2\/pages\/207","targetHints":{"allow":["GET"]}}],"collection":[{"href":"https:\/\/www.marcohelga.com\/index.php?rest_route=\/wp\/v2\/pages"}],"about":[{"href":"https:\/\/www.marcohelga.com\/index.php?rest_route=\/wp\/v2\/types\/page"}],"author":[{"embeddable":true,"href":"https:\/\/www.marcohelga.com\/index.php?rest_route=\/wp\/v2\/users\/1"}],"replies":[{"embeddable":true,"href":"https:\/\/www.marcohelga.com\/index.php?rest_route=%2Fwp%2Fv2%2Fcomments&post=207"}],"version-history":[{"count":1,"href":"https:\/\/www.marcohelga.com\/index.php?rest_route=\/wp\/v2\/pages\/207\/revisions"}],"predecessor-version":[{"id":208,"href":"https:\/\/www.marcohelga.com\/index.php?rest_route=\/wp\/v2\/pages\/207\/revisions\/208"}],"wp:attachment":[{"href":"https:\/\/www.marcohelga.com\/index.php?rest_route=%2Fwp%2Fv2%2Fmedia&parent=207"}],"curies":[{"name":"wp","href":"https:\/\/api.w.org\/{rel}","templated":true}]}}